{"id":4059,"date":"2024-08-27T15:22:44","date_gmt":"2024-08-27T20:22:44","guid":{"rendered":"https:\/\/emerja.com.co\/wp\/?page_id=4059"},"modified":"2024-08-27T15:37:18","modified_gmt":"2024-08-27T20:37:18","slug":"politica-de-imparcialidad","status":"publish","type":"page","link":"https:\/\/emerja.com.co\/wp\/politica-de-imparcialidad\/","title":{"rendered":"Pol\u00edtica de imparcialidad"},"content":{"rendered":"\t\t<div data-elementor-type=\"wp-page\" data-elementor-id=\"4059\" class=\"elementor elementor-4059\">\n\t\t\t\t<div class=\"elementor-element elementor-element-a234676 e-grid e-con-boxed e-con e-parent\" data-id=\"a234676\" data-element_type=\"container\">\n\t\t\t\t\t<div class=\"e-con-inner\">\n\t\t\t\t<div class=\"elementor-element elementor-element-d9e1272 elementor-widget elementor-widget-image\" data-id=\"d9e1272\" data-element_type=\"widget\" data-widget_type=\"image.default\">\n\t\t\t\t<div class=\"elementor-widget-container\">\n\t\t\t\t\t\t\t\t\t\t\t\t\t\t\t<img decoding=\"async\" width=\"75\" height=\"33\" src=\"https:\/\/emerja.com.co\/wp\/wp-content\/uploads\/2024\/07\/logo-leaf-new.png\" class=\"attachment-large size-large wp-image-1556\" alt=\"\" \/>\t\t\t\t\t\t\t\t\t\t\t\t\t\t\t<\/div>\n\t\t\t\t<\/div>\n\t\t\t\t\t<\/div>\n\t\t\t\t<\/div>\n\t\t<div class=\"elementor-element elementor-element-84022dc e-grid e-con-full e-con e-parent\" data-id=\"84022dc\" data-element_type=\"container\" data-settings=\"{&quot;shape_divider_top&quot;:&quot;mountains&quot;}\">\n\t\t\t\t<div class=\"elementor-shape elementor-shape-top\" aria-hidden=\"true\" data-negative=\"false\">\n\t\t\t<svg xmlns=\"http:\/\/www.w3.org\/2000\/svg\" viewBox=\"0 0 1000 100\" preserveAspectRatio=\"none\">\n\t<path class=\"elementor-shape-fill\" opacity=\"0.33\" d=\"M473,67.3c-203.9,88.3-263.1-34-320.3,0C66,119.1,0,59.7,0,59.7V0h1000v59.7 c0,0-62.1,26.1-94.9,29.3c-32.8,3.3-62.8-12.3-75.8-22.1C806,49.6,745.3,8.7,694.9,4.7S492.4,59,473,67.3z\"\/>\n\t<path class=\"elementor-shape-fill\" opacity=\"0.66\" d=\"M734,67.3c-45.5,0-77.2-23.2-129.1-39.1c-28.6-8.7-150.3-10.1-254,39.1 s-91.7-34.4-149.2,0C115.7,118.3,0,39.8,0,39.8V0h1000v36.5c0,0-28.2-18.5-92.1-18.5C810.2,18.1,775.7,67.3,734,67.3z\"\/>\n\t<path class=\"elementor-shape-fill\" d=\"M766.1,28.9c-200-57.5-266,65.5-395.1,19.5C242,1.8,242,5.4,184.8,20.6C128,35.8,132.3,44.9,89.9,52.5C28.6,63.7,0,0,0,0 h1000c0,0-9.9,40.9-83.6,48.1S829.6,47,766.1,28.9z\"\/>\n<\/svg>\t\t<\/div>\n\t\t\t\t<div class=\"elementor-element elementor-element-d5f79b4 elementor-widget elementor-widget-heading\" data-id=\"d5f79b4\" data-element_type=\"widget\" data-widget_type=\"heading.default\">\n\t\t\t\t<div class=\"elementor-widget-container\">\n\t\t\t\t\t<h2 class=\"elementor-heading-title elementor-size-default\">Pol\u00edtica de Imparcialidad e Independencia<\/h2>\t\t\t\t<\/div>\n\t\t\t\t<\/div>\n\t\t\t\t<div class=\"elementor-element elementor-element-db06cde elementor-widget elementor-widget-heading\" data-id=\"db06cde\" data-element_type=\"widget\" data-widget_type=\"heading.default\">\n\t\t\t\t<div class=\"elementor-widget-container\">\n\t\t\t\t\t<h6 class=\"elementor-heading-title elementor-size-default\">Aplica durante todas las fases de prestaci\u00f3n de servicios (desde el contacto inicial con el cliente hasta la entrega de su certificado y su vigencia, seg\u00fan aplique) de auditor\u00eda y certificaci\u00f3n prestados por EMERJA S.A.S.<\/h6>\t\t\t\t<\/div>\n\t\t\t\t<\/div>\n\t\t\t\t<\/div>\n\t\t<div class=\"elementor-element elementor-element-c6b926b e-grid e-con-boxed e-con e-parent\" data-id=\"c6b926b\" data-element_type=\"container\">\n\t\t\t\t\t<div class=\"e-con-inner\">\n\t\t\t\t<div class=\"elementor-element elementor-element-6c32729 elementor-widget elementor-widget-image\" data-id=\"6c32729\" data-element_type=\"widget\" data-widget_type=\"image.default\">\n\t\t\t\t<div class=\"elementor-widget-container\">\n\t\t\t\t\t\t\t\t\t\t\t\t\t\t\t<img decoding=\"async\" width=\"75\" height=\"33\" src=\"https:\/\/emerja.com.co\/wp\/wp-content\/uploads\/2024\/07\/logo-leaf-new.png\" class=\"attachment-large size-large wp-image-1556\" alt=\"\" \/>\t\t\t\t\t\t\t\t\t\t\t\t\t\t\t<\/div>\n\t\t\t\t<\/div>\n\t\t\t\t\t<\/div>\n\t\t\t\t<\/div>\n\t\t<div class=\"elementor-element elementor-element-6839024 e-grid e-con-boxed e-con e-parent\" data-id=\"6839024\" data-element_type=\"container\">\n\t\t\t\t\t<div class=\"e-con-inner\">\n\t\t\t\t<div class=\"elementor-element elementor-element-bcea764 elementor-widget elementor-widget-text-editor\" data-id=\"bcea764\" data-element_type=\"widget\" data-widget_type=\"text-editor.default\">\n\t\t\t\t<div class=\"elementor-widget-container\">\n\t\t\t\t\t\t\t\t\t<p>3.1\u00a0\u00a0\u00a0\u00a0\u00a0\u00a0 Trabajar de manera imparcial e independiente durante los servicios de auditor\u00eda y certificaci\u00f3n prestados, determinando si se cumplen de manera eficaz todos los requisitos aplicables de las normas de referencias para la emisi\u00f3n de Listas de Verificaci\u00f3n, Informes, Certificados, seg\u00fan aplique.<\/p><p>3.2\u00a0\u00a0\u00a0\u00a0\u00a0 No permitir la participaci\u00f3n de partes interesadas en el desarrollo de las funciones del personal t\u00e9cnico de<\/p><p>EMERJA S.A.S.<\/p><p>3.3\u00a0\u00a0\u00a0\u00a0\u00a0 No permitir la intervenci\u00f3n de organismos y\/o servicios externos a EMERJA S.A.S., relacionados con la recolecci\u00f3n, manipulaci\u00f3n y\/o entrega de productos, durante los servicios prestados.<\/p><p>3.4\u00a0\u00a0\u00a0\u00a0\u00a0 No permitir consideraciones comerciales o de otra \u00edndole que dificulten la prestaci\u00f3n t\u00e9cnica y objetiva del servicio.<\/p><p>3.5\u00a0\u00a0\u00a0\u00a0\u00a0 Declarar ser totalmente independientes a los servicios otorgados de dise\u00f1o, fabricaci\u00f3n, producci\u00f3n, suministro, instalaci\u00f3n, compra, posesi\u00f3n, utilizaci\u00f3n o mantenimiento, asesor\u00eda, consultor\u00eda y capacitaci\u00f3n relacionados con la empresa auditada.<\/p><p>3.6\u00a0\u00a0\u00a0\u00a0\u00a0 Suspender los servicios cuando \u00e9stos sean interferidos por personal ajeno a EMERJA S.A.S., as\u00ed como organismos y servicios relacionados con la misma.<\/p>\t\t\t\t\t\t\t\t<\/div>\n\t\t\t\t<\/div>\n\t\t\t\t\t<\/div>\n\t\t\t\t<\/div>\n\t\t\t\t<\/div>\n\t\t","protected":false},"excerpt":{"rendered":"<p>Pol\u00edtica de Imparcialidad e Independencia Aplica durante todas las fases de prestaci\u00f3n de servicios (desde el contacto inicial con el cliente hasta la entrega de su certificado y su vigencia, seg\u00fan aplique) de auditor\u00eda y certificaci\u00f3n prestados por EMERJA S.A.S. 3.1\u00a0\u00a0\u00a0\u00a0\u00a0\u00a0 Trabajar de manera imparcial e independiente durante los servicios de auditor\u00eda y certificaci\u00f3n prestados, [&hellip;]<\/p>\n","protected":false},"author":1,"featured_media":0,"parent":0,"menu_order":0,"comment_status":"closed","ping_status":"closed","template":"","meta":{"site-sidebar-layout":"no-sidebar","site-content-layout":"page-builder","ast-site-content-layout":"full-width-container","site-content-style":"default","site-sidebar-style":"default","ast-global-header-display":"","ast-banner-title-visibility":"","ast-main-header-display":"","ast-hfb-above-header-display":"","ast-hfb-below-header-display":"","ast-hfb-mobile-header-display":"","site-post-title":"disabled","ast-breadcrumbs-content":"","ast-featured-img":"disabled","footer-sml-layout":"","theme-transparent-header-meta":"","adv-header-id-meta":"","stick-header-meta":"","header-above-stick-meta":"","header-main-stick-meta":"","header-below-stick-meta":"","astra-migrate-meta-layouts":"set","ast-page-background-enabled":"default","ast-page-background-meta":{"desktop":{"background-color":"var(--ast-global-color-4)","background-image":"","background-repeat":"repeat","background-position":"center center","background-size":"auto","background-attachment":"scroll","background-type":"","background-media":"","overlay-type":"","overlay-color":"","overlay-opacity":"","overlay-gradient":""},"tablet":{"background-color":"","background-image":"","background-repeat":"repeat","background-position":"center center","background-size":"auto","background-attachment":"scroll","background-type":"","background-media":"","overlay-type":"","overlay-color":"","overlay-opacity":"","overlay-gradient":""},"mobile":{"background-color":"","background-image":"","background-repeat":"repeat","background-position":"center center","background-size":"auto","background-attachment":"scroll","background-type":"","background-media":"","overlay-type":"","overlay-color":"","overlay-opacity":"","overlay-gradient":""}},"ast-content-background-meta":{"desktop":{"background-color":"var(--ast-global-color-5)","background-image":"","background-repeat":"repeat","background-position":"center center","background-size":"auto","background-attachment":"scroll","background-type":"","background-media":"","overlay-type":"","overlay-color":"","overlay-opacity":"","overlay-gradient":""},"tablet":{"background-color":"var(--ast-global-color-5)","background-image":"","background-repeat":"repeat","background-position":"center center","background-size":"auto","background-attachment":"scroll","background-type":"","background-media":"","overlay-type":"","overlay-color":"","overlay-opacity":"","overlay-gradient":""},"mobile":{"background-color":"var(--ast-global-color-5)","background-image":"","background-repeat":"repeat","background-position":"center center","background-size":"auto","background-attachment":"scroll","background-type":"","background-media":"","overlay-type":"","overlay-color":"","overlay-opacity":"","overlay-gradient":""}},"footnotes":""},"class_list":["post-4059","page","type-page","status-publish","hentry"],"_links":{"self":[{"href":"https:\/\/emerja.com.co\/wp\/wp-json\/wp\/v2\/pages\/4059","targetHints":{"allow":["GET"]}}],"collection":[{"href":"https:\/\/emerja.com.co\/wp\/wp-json\/wp\/v2\/pages"}],"about":[{"href":"https:\/\/emerja.com.co\/wp\/wp-json\/wp\/v2\/types\/page"}],"author":[{"embeddable":true,"href":"https:\/\/emerja.com.co\/wp\/wp-json\/wp\/v2\/users\/1"}],"replies":[{"embeddable":true,"href":"https:\/\/emerja.com.co\/wp\/wp-json\/wp\/v2\/comments?post=4059"}],"version-history":[{"count":13,"href":"https:\/\/emerja.com.co\/wp\/wp-json\/wp\/v2\/pages\/4059\/revisions"}],"predecessor-version":[{"id":4082,"href":"https:\/\/emerja.com.co\/wp\/wp-json\/wp\/v2\/pages\/4059\/revisions\/4082"}],"wp:attachment":[{"href":"https:\/\/emerja.com.co\/wp\/wp-json\/wp\/v2\/media?parent=4059"}],"curies":[{"name":"wp","href":"https:\/\/api.w.org\/{rel}","templated":true}]}}